{"id":374,"date":"2024-05-12T21:01:04","date_gmt":"2024-05-12T19:01:04","guid":{"rendered":"https:\/\/mariapriscowedding.com\/?page_id=374"},"modified":"2024-06-12T11:59:45","modified_gmt":"2024-06-12T09:59:45","slug":"values","status":"publish","type":"page","link":"https:\/\/mariapriscowedding.com\/it\/values\/","title":{"rendered":"Valori"},"content":{"rendered":"<div id=\"fws_69e3238878a82\"  data-column-margin=\"none\" data-midnight=\"light\" data-top-percent=\"10%\" data-bottom-percent=\"10%\"  class=\"wpb_row vc_row-fluid vc_row full-width-content vc_row-o-equal-height vc_row-flex vc_row-o-content-top  right_padding_70px left_padding_70px top_padding_tablet_15pct top_padding_phone_15pct bottom_padding_tablet_15pct bottom_padding_phone_15pct right_padding_tablet_4pct right_padding_phone_4pct left_padding_tablet_4pct left_padding_phone_4pct\"  style=\"padding-top: calc(100vw * 0.10); padding-bottom: calc(100vw * 0.10); \"><div class=\"row-bg-wrap\" data-bg-animation=\"none\" data-bg-animation-delay=\"\" data-bg-overlay=\"true\"><div class=\"inner-wrap row-bg-layer using-image\" ><div class=\"row-bg viewport-desktop using-image\"  style=\"background-image: url(https:\/\/mariapriscowedding.com\/wp-content\/uploads\/2024\/05\/mariaprisco-matteofabiola-24.webp); background-position: right center; background-repeat: no-repeat; \"><\/div><\/div><div class=\"row-bg-overlay row-bg-layer\" style=\"background-color:#000000;  opacity: 0.3; \"><\/div><\/div><div class=\"row_col_wrap_12 col span_12 light left\">\n\t<div  class=\"vc_col-sm-12 wpb_column column_container vc_column_container col no-extra-padding inherit_tablet inherit_phone\"  data-padding-pos=\"all\" data-has-bg-color=\"false\" data-bg-color=\"\" data-bg-opacity=\"1\" data-animation=\"\" data-delay=\"0\" >\n\t\t<div class=\"vc_column-inner\" >\n\t\t\t<div class=\"wpb_wrapper\">\n\t\t\t\t<div id=\"fws_69e3238879548\" data-midnight=\"\" data-column-margin=\"default\" class=\"wpb_row vc_row-fluid vc_row inner_row\"  style=\"\"><div class=\"row-bg-wrap\"> <div class=\"row-bg\" ><\/div> <\/div><div class=\"row_col_wrap_12_inner col span_12  left\">\n\t<div  class=\"vc_col-sm-3 wpb_column column_container vc_column_container col child_column no-extra-padding inherit_tablet inherit_phone\"   data-padding-pos=\"all\" data-has-bg-color=\"false\" data-bg-color=\"\" data-bg-opacity=\"1\" data-animation=\"\" data-delay=\"0\" >\n\t\t<div class=\"vc_column-inner\" >\n\t\t<div class=\"wpb_wrapper\">\n\t\t\t\n\t\t<\/div> \n\t<\/div>\n\t<\/div> \n\n\t<div  class=\"vc_col-sm-6 wpb_column column_container vc_column_container col child_column no-extra-padding force-desktop-text-align-center force-tablet-text-align-center force-phone-text-align-center el_spacing_30px inherit_tablet inherit_phone\"   data-padding-pos=\"all\" data-has-bg-color=\"false\" data-bg-color=\"\" data-bg-opacity=\"1\" data-animation=\"\" data-delay=\"0\" >\n\t\t<div class=\"vc_column-inner\" >\n\t\t<div class=\"wpb_wrapper\">\n\t\t\t\n<div class=\"wpb_text_column wpb_content_element\" >\n\t<p>VALORI<\/p>\n<\/div>\n\n\n\n\n<div class=\"wpb_text_column wpb_content_element\" >\n\t<h1>Molti valori caratterizzano la mia professionalit\u00e0 e il mio modo di operare per progettare e organizzare matrimoni in Italia.<\/h1>\n<\/div>\n\n\n\n\n\t\t<\/div> \n\t<\/div>\n\t<\/div> \n\n\t<div  class=\"vc_col-sm-3 wpb_column column_container vc_column_container col child_column no-extra-padding inherit_tablet inherit_phone\"   data-padding-pos=\"all\" data-has-bg-color=\"false\" data-bg-color=\"\" data-bg-opacity=\"1\" data-animation=\"\" data-delay=\"0\" >\n\t\t<div class=\"vc_column-inner\" >\n\t\t<div class=\"wpb_wrapper\">\n\t\t\t\n\t\t<\/div> \n\t<\/div>\n\t<\/div> \n<\/div><\/div>\n\t\t\t<\/div> \n\t\t<\/div>\n\t<\/div> \n<\/div><\/div>\n\t\t<div id=\"fws_69e323887a00a\"  data-column-margin=\"none\" data-midnight=\"dark\" data-top-percent=\"5%\" data-bottom-percent=\"5%\"  class=\"wpb_row vc_row-fluid vc_row full-width-content has-row-bg-color vc_row-o-equal-height vc_row-flex vc_row-o-content-top  right_padding_70px left_padding_70px top_padding_tablet_10pct top_padding_phone_10pct bottom_padding_tablet_10pct bottom_padding_phone_10pct right_padding_tablet_4pct right_padding_phone_4pct left_padding_tablet_4pct left_padding_phone_4pct\"  style=\"padding-top: calc(100vw * 0.05); padding-bottom: calc(100vw * 0.05); --row-bg-color: #faf9f3;\"><div class=\"row-bg-wrap\" data-bg-animation=\"none\" data-bg-animation-delay=\"\" data-bg-overlay=\"false\"><div class=\"inner-wrap row-bg-layer\" ><div class=\"row-bg viewport-desktop using-bg-color\"  style=\"background-color: #faf9f3; \"><\/div><\/div><\/div><div class=\"row_col_wrap_12 col span_12 dark left\">\n\t<div  class=\"vc_col-sm-12 wpb_column column_container vc_column_container col no-extra-padding inherit_tablet inherit_phone\"  data-padding-pos=\"all\" data-has-bg-color=\"false\" data-bg-color=\"\" data-bg-opacity=\"1\" data-animation=\"\" data-delay=\"0\" >\n\t\t<div class=\"vc_column-inner\" >\n\t\t\t<div class=\"wpb_wrapper\">\n\t\t\t\t<div id=\"fws_69e323887a145\" data-midnight=\"\" data-column-margin=\"20px\" class=\"wpb_row vc_row-fluid vc_row inner_row vc_row-o-equal-height vc_row-flex vc_row-o-content-middle\"  style=\"\"><div class=\"row-bg-wrap\"> <div class=\"row-bg\" ><\/div> <\/div><div class=\"row_col_wrap_12_inner col span_12  left\">\n\t<div style=\"\" class=\"vc_col-sm-4 wpb_column column_container vc_column_container col child_column centered-text padding-5-percent force-desktop-text-align-center force-tablet-text-align-center force-phone-text-align-center el_spacing_0px padding-5-percent_tablet padding-5-percent_phone\"  data-using-bg=\"true\" data-border-radius=\"10px\" data-padding-pos=\"all\" data-has-bg-color=\"true\" data-bg-color=\"#ffffff\" data-bg-opacity=\"1\" data-animation=\"\" data-delay=\"0\" >\n\t\t<div class=\"vc_column-inner\" ><div class=\"column-bg-overlay-wrap column-bg-layer\" data-bg-animation=\"none\"><div class=\"column-bg-overlay\" style=\"opacity: 1; background-color: #ffffff;\"><\/div><\/div>\n\t\t<div class=\"wpb_wrapper\">\n\t\t\t<div class=\"divider-wrap height_tablet_100px height_phone_100px\" data-alignment=\"default\"><div style=\"height: 0px;\" class=\"divider\"><\/div><\/div>\n<div class=\"wpb_text_column wpb_content_element\" >\n\t<h3>Credo nella gentilezza, sensibilit\u00e0, intuizione e buone maniere, perch\u00e9 sono essenziali per entrare in contatto con le persone e il mondo.<\/h3>\n<\/div>\n\n\n\n<div class=\"divider-wrap height_tablet_100px height_phone_100px\" data-alignment=\"default\"><div style=\"height: 0px;\" class=\"divider\"><\/div><\/div>\n\t\t<\/div> \n\t<\/div>\n\t<\/div> \n\n\t<div style=\" color: #ffffff;\" class=\"vc_col-sm-4 wpb_column column_container vc_column_container col child_column centered-text padding-5-percent force-desktop-text-align-center force-tablet-text-align-center force-phone-text-align-center el_spacing_0px padding-5-percent_tablet padding-5-percent_phone\" data-cfc=\"true\" data-using-bg=\"true\" data-border-radius=\"10px\" data-padding-pos=\"all\" data-has-bg-color=\"false\" data-bg-color=\"\" data-bg-opacity=\"1\" data-animation=\"\" data-delay=\"0\" >\n\t\t<div class=\"vc_column-inner\" ><div class=\"column-image-bg-wrap column-bg-layer viewport-desktop\" data-bg-pos=\"center center\" data-bg-animation=\"none\" data-bg-overlay=\"false\"><div class=\"inner-wrap\"><div class=\"column-image-bg\" style=\" background-image: url('https:\/\/mariapriscowedding.com\/wp-content\/uploads\/2024\/06\/maria-prisco-gold-bg-1-2024.jpg'); \"><\/div><\/div><\/div>\n\t\t<div class=\"wpb_wrapper\">\n\t\t\t<div class=\"divider-wrap height_tablet_100px height_phone_100px\" data-alignment=\"default\"><div style=\"height: 0px;\" class=\"divider\"><\/div><\/div>\n<div class=\"wpb_text_column wpb_content_element\" >\n\t<h3>\u00a0Penso che l'empatia, il rispetto per le persone e per il lavoro degli altri, il tempo che gli altri ci dedicano, siano la vera chiave.<\/h3>\n<\/div>\n\n\n\n<div class=\"divider-wrap height_tablet_100px height_phone_100px\" data-alignment=\"default\"><div style=\"height: 0px;\" class=\"divider\"><\/div><\/div>\n\t\t<\/div> \n\t<\/div>\n\t<\/div> \n\n\t<div style=\" color: #ffffff;\" class=\"vc_col-sm-4 wpb_column column_container vc_column_container col child_column centered-text padding-5-percent force-desktop-text-align-center force-tablet-text-align-center force-phone-text-align-center el_spacing_0px padding-5-percent_tablet padding-5-percent_phone\" data-cfc=\"true\" data-using-bg=\"true\" data-border-radius=\"10px\" data-padding-pos=\"all\" data-has-bg-color=\"true\" data-bg-color=\"#7c966c\" data-bg-opacity=\"1\" data-animation=\"\" data-delay=\"0\" >\n\t\t<div class=\"vc_column-inner\" ><div class=\"column-bg-overlay-wrap column-bg-layer\" data-bg-animation=\"none\"><div class=\"column-bg-overlay\" style=\"opacity: 1; background-color: #7c966c;\"><\/div><\/div>\n\t\t<div class=\"wpb_wrapper\">\n\t\t\t<div class=\"divider-wrap height_tablet_100px height_phone_100px\" data-alignment=\"default\"><div style=\"height: 0px;\" class=\"divider\"><\/div><\/div>\n<div class=\"wpb_text_column wpb_content_element\" >\n\t<h3>\u00c8 essenziale per la condivisione, la positivit\u00e0 e il lavoro di squadra in questa professione essere altamente efficaci perch\u00e9 non pu\u00f2 esserci alcuna possibilit\u00e0 di successo senza cooperazione.<\/h3>\n<\/div>\n\n\n\n<div class=\"divider-wrap height_tablet_100px height_phone_100px\" data-alignment=\"default\"><div style=\"height: 0px;\" class=\"divider\"><\/div><\/div>\n\t\t<\/div> \n\t<\/div>\n\t<\/div> \n<\/div><\/div>\n\t\t\t<\/div> \n\t\t<\/div>\n\t<\/div> \n<\/div><\/div>\n\t\t<div id=\"fws_69e323887aa9b\"  data-column-margin=\"none\" data-midnight=\"dark\" data-top-percent=\"5%\" data-bottom-percent=\"5%\"  class=\"wpb_row vc_row-fluid vc_row full-width-content has-row-bg-color vc_row-o-equal-height vc_row-flex vc_row-o-content-top  right_padding_70px left_padding_70px top_padding_tablet_10pct top_padding_phone_10pct bottom_padding_tablet_10pct bottom_padding_phone_10pct right_padding_tablet_4pct right_padding_phone_4pct left_padding_tablet_4pct left_padding_phone_4pct\"  style=\"padding-top: calc(100vw * 0.05); padding-bottom: calc(100vw * 0.05); --row-bg-color: #faf9f3;\"><div class=\"row-bg-wrap\" data-bg-animation=\"none\" data-bg-animation-delay=\"\" data-bg-overlay=\"false\"><div class=\"inner-wrap row-bg-layer\" ><div class=\"row-bg viewport-desktop using-bg-color\"  style=\"background-color: #faf9f3; \"><\/div><\/div><\/div><div class=\"row_col_wrap_12 col span_12 dark left\">\n\t<div  class=\"vc_col-sm-12 wpb_column column_container vc_column_container col no-extra-padding el_spacing_50px inherit_tablet inherit_phone\"  data-padding-pos=\"all\" data-has-bg-color=\"false\" data-bg-color=\"\" data-bg-opacity=\"1\" data-animation=\"\" data-delay=\"0\" >\n\t\t<div class=\"vc_column-inner\" >\n\t\t\t<div class=\"wpb_wrapper\">\n\t\t\t\t<div id=\"fws_69e323887abb5\" data-midnight=\"\" data-column-margin=\"default\" class=\"wpb_row vc_row-fluid vc_row inner_row\"  style=\"\"><div class=\"row-bg-wrap\"> <div class=\"row-bg\" ><\/div> <\/div><div class=\"row_col_wrap_12_inner col span_12  left\">\n\t<div  class=\"vc_col-sm-12 wpb_column column_container vc_column_container col child_column no-extra-padding force-desktop-text-align-center force-tablet-text-align-center force-phone-text-align-center el_spacing_30px inherit_tablet inherit_phone\"   data-padding-pos=\"all\" data-has-bg-color=\"false\" data-bg-color=\"\" data-bg-opacity=\"1\" data-animation=\"\" data-delay=\"0\" >\n\t\t<div class=\"vc_column-inner\" >\n\t\t<div class=\"wpb_wrapper\">\n\t\t\t\n<div class=\"wpb_text_column wpb_content_element\" >\n\t<h2>Ti stai chiedendo come vengono organizzati i matrimoni in Italia?<\/h2>\n<\/div>\n\n\n\n\n<div class=\"wpb_text_column wpb_content_element\" >\n\t<p>Contattami e iniziamo a organizzare il tuo!<\/p>\n<\/div>\n\n\n\n<a class=\"nectar-button large see-through-2\"  role=\"button\" style=\"border-color: #000000; color: #000000;\"  href=\"\/it\/contact\/\" data-color-override=\"#000000\"  data-hover-color-override=\"#000000\" data-hover-text-color-override=\"#ffffff\"><span>Contattami<\/span><\/a>\n\t\t<\/div> \n\t<\/div>\n\t<\/div> \n<\/div><\/div>\n\t\t\t<\/div> \n\t\t<\/div>\n\t<\/div> \n<\/div><\/div>","protected":false},"excerpt":{"rendered":"VALUES Many values characterize my professionalism and my way of operating to design and plan Italian wedding venues I believe in kindness, sensitivity, intuition, and good manners, because they are...","protected":false},"author":1,"featured_media":661,"parent":0,"menu_order":0,"comment_status":"closed","ping_status":"closed","template":"","meta":{"footnotes":""},"class_list":["post-374","page","type-page","status-publish","has-post-thumbnail"],"yoast_head":"<!-- This site is optimized with the Yoast SEO plugin v27.4 - https:\/\/yoast.com\/product\/yoast-seo-wordpress\/ -->\n<title>Italian wedding venues - Maria Prisco - Values<\/title>\n<meta name=\"description\" content=\"Many values characterize my professionalism and my way of operating to design and plan Italian wedding venues\" \/>\n<meta name=\"robots\" content=\"index, follow, max-snippet:-1, max-image-preview:large, max-video-preview:-1\" \/>\n<link rel=\"canonical\" href=\"https:\/\/mariapriscowedding.com\/it\/values\/\" \/>\n<meta property=\"og:locale\" content=\"it_IT\" \/>\n<meta property=\"og:type\" content=\"article\" \/>\n<meta property=\"og:title\" content=\"Italian wedding venues - Maria Prisco - Values\" \/>\n<meta property=\"og:description\" content=\"Many values characterize my professionalism and my way of operating to design and plan Italian wedding venues\" \/>\n<meta property=\"og:url\" content=\"https:\/\/mariapriscowedding.com\/it\/values\/\" \/>\n<meta property=\"og:site_name\" content=\"Maria Prisco\" \/>\n<meta property=\"article:modified_time\" content=\"2024-06-12T09:59:45+00:00\" \/>\n<meta property=\"og:image\" content=\"https:\/\/mariapriscowedding.com\/wp-content\/uploads\/2024\/05\/mariaprisco-matteofabiola-27.webp\" \/>\n\t<meta property=\"og:image:width\" content=\"1280\" \/>\n\t<meta property=\"og:image:height\" content=\"1920\" \/>\n\t<meta property=\"og:image:type\" content=\"image\/webp\" \/>\n<meta name=\"twitter:card\" content=\"summary_large_image\" \/>\n<meta name=\"twitter:label1\" content=\"Tempo di lettura stimato\" \/>\n\t<meta name=\"twitter:data1\" content=\"4 minuti\" \/>\n<script type=\"application\/ld+json\" class=\"yoast-schema-graph\">{\"@context\":\"https:\\\/\\\/schema.org\",\"@graph\":[{\"@type\":\"WebPage\",\"@id\":\"https:\\\/\\\/mariapriscowedding.com\\\/values\\\/\",\"url\":\"https:\\\/\\\/mariapriscowedding.com\\\/values\\\/\",\"name\":\"Italian wedding venues - Maria Prisco - Values\",\"isPartOf\":{\"@id\":\"https:\\\/\\\/mariapriscowedding.com\\\/#website\"},\"primaryImageOfPage\":{\"@id\":\"https:\\\/\\\/mariapriscowedding.com\\\/values\\\/#primaryimage\"},\"image\":{\"@id\":\"https:\\\/\\\/mariapriscowedding.com\\\/values\\\/#primaryimage\"},\"thumbnailUrl\":\"https:\\\/\\\/mariapriscowedding.com\\\/wp-content\\\/uploads\\\/2024\\\/05\\\/mariaprisco-matteofabiola-27.webp\",\"datePublished\":\"2024-05-12T19:01:04+00:00\",\"dateModified\":\"2024-06-12T09:59:45+00:00\",\"description\":\"Many values characterize my professionalism and my way of operating to design and plan Italian wedding venues\",\"breadcrumb\":{\"@id\":\"https:\\\/\\\/mariapriscowedding.com\\\/values\\\/#breadcrumb\"},\"inLanguage\":\"it-IT\",\"potentialAction\":[{\"@type\":\"ReadAction\",\"target\":[\"https:\\\/\\\/mariapriscowedding.com\\\/values\\\/\"]}]},{\"@type\":\"ImageObject\",\"inLanguage\":\"it-IT\",\"@id\":\"https:\\\/\\\/mariapriscowedding.com\\\/values\\\/#primaryimage\",\"url\":\"https:\\\/\\\/mariapriscowedding.com\\\/wp-content\\\/uploads\\\/2024\\\/05\\\/mariaprisco-matteofabiola-27.webp\",\"contentUrl\":\"https:\\\/\\\/mariapriscowedding.com\\\/wp-content\\\/uploads\\\/2024\\\/05\\\/mariaprisco-matteofabiola-27.webp\",\"width\":1280,\"height\":1920,\"caption\":\"Italian wedding venues - Maria Prisco\"},{\"@type\":\"BreadcrumbList\",\"@id\":\"https:\\\/\\\/mariapriscowedding.com\\\/values\\\/#breadcrumb\",\"itemListElement\":[{\"@type\":\"ListItem\",\"position\":1,\"name\":\"Accueil\",\"item\":\"https:\\\/\\\/mariapriscowedding.com\\\/\"},{\"@type\":\"ListItem\",\"position\":2,\"name\":\"Values\"}]},{\"@type\":\"WebSite\",\"@id\":\"https:\\\/\\\/mariapriscowedding.com\\\/#website\",\"url\":\"https:\\\/\\\/mariapriscowedding.com\\\/\",\"name\":\"Maria Prisco\",\"description\":\"Luxury weddings planner in Italy\",\"publisher\":{\"@id\":\"https:\\\/\\\/mariapriscowedding.com\\\/#organization\"},\"potentialAction\":[{\"@type\":\"SearchAction\",\"target\":{\"@type\":\"EntryPoint\",\"urlTemplate\":\"https:\\\/\\\/mariapriscowedding.com\\\/?s={search_term_string}\"},\"query-input\":{\"@type\":\"PropertyValueSpecification\",\"valueRequired\":true,\"valueName\":\"search_term_string\"}}],\"inLanguage\":\"it-IT\"},{\"@type\":\"Organization\",\"@id\":\"https:\\\/\\\/mariapriscowedding.com\\\/#organization\",\"name\":\"Maria Prisco\",\"url\":\"https:\\\/\\\/mariapriscowedding.com\\\/\",\"logo\":{\"@type\":\"ImageObject\",\"inLanguage\":\"it-IT\",\"@id\":\"https:\\\/\\\/mariapriscowedding.com\\\/#\\\/schema\\\/logo\\\/image\\\/\",\"url\":\"https:\\\/\\\/mariapriscowedding.com\\\/wp-content\\\/uploads\\\/2024\\\/02\\\/maria-prisco-gold-bg-1.jpg\",\"contentUrl\":\"https:\\\/\\\/mariapriscowedding.com\\\/wp-content\\\/uploads\\\/2024\\\/02\\\/maria-prisco-gold-bg-1.jpg\",\"width\":1920,\"height\":1080,\"caption\":\"Maria Prisco\"},\"image\":{\"@id\":\"https:\\\/\\\/mariapriscowedding.com\\\/#\\\/schema\\\/logo\\\/image\\\/\"}}]}<\/script>\n<!-- \/ Yoast SEO plugin. -->","yoast_head_json":{"title":"Italian wedding venues - Maria Prisco - Values","description":"Molti valori caratterizzano la mia professionalit\u00e0 e il mio modo di operare per progettare e organizzare matrimoni in Italia.","robots":{"index":"index","follow":"follow","max-snippet":"max-snippet:-1","max-image-preview":"max-image-preview:large","max-video-preview":"max-video-preview:-1"},"canonical":"https:\/\/mariapriscowedding.com\/it\/values\/","og_locale":"it_IT","og_type":"article","og_title":"Italian wedding venues - Maria Prisco - Values","og_description":"Many values characterize my professionalism and my way of operating to design and plan Italian wedding venues","og_url":"https:\/\/mariapriscowedding.com\/it\/values\/","og_site_name":"Maria Prisco","article_modified_time":"2024-06-12T09:59:45+00:00","og_image":[{"width":1280,"height":1920,"url":"https:\/\/mariapriscowedding.com\/wp-content\/uploads\/2024\/05\/mariaprisco-matteofabiola-27.webp","type":"image\/webp"}],"twitter_card":"summary_large_image","twitter_misc":{"Tempo di lettura stimato":"4 minuti"},"schema":{"@context":"https:\/\/schema.org","@graph":[{"@type":"WebPage","@id":"https:\/\/mariapriscowedding.com\/values\/","url":"https:\/\/mariapriscowedding.com\/values\/","name":"Italian wedding venues - Maria Prisco - Values","isPartOf":{"@id":"https:\/\/mariapriscowedding.com\/#website"},"primaryImageOfPage":{"@id":"https:\/\/mariapriscowedding.com\/values\/#primaryimage"},"image":{"@id":"https:\/\/mariapriscowedding.com\/values\/#primaryimage"},"thumbnailUrl":"https:\/\/mariapriscowedding.com\/wp-content\/uploads\/2024\/05\/mariaprisco-matteofabiola-27.webp","datePublished":"2024-05-12T19:01:04+00:00","dateModified":"2024-06-12T09:59:45+00:00","description":"Molti valori caratterizzano la mia professionalit\u00e0 e il mio modo di operare per progettare e organizzare matrimoni in Italia.","breadcrumb":{"@id":"https:\/\/mariapriscowedding.com\/values\/#breadcrumb"},"inLanguage":"it-IT","potentialAction":[{"@type":"ReadAction","target":["https:\/\/mariapriscowedding.com\/values\/"]}]},{"@type":"ImageObject","inLanguage":"it-IT","@id":"https:\/\/mariapriscowedding.com\/values\/#primaryimage","url":"https:\/\/mariapriscowedding.com\/wp-content\/uploads\/2024\/05\/mariaprisco-matteofabiola-27.webp","contentUrl":"https:\/\/mariapriscowedding.com\/wp-content\/uploads\/2024\/05\/mariaprisco-matteofabiola-27.webp","width":1280,"height":1920,"caption":"Italian wedding venues - Maria Prisco"},{"@type":"BreadcrumbList","@id":"https:\/\/mariapriscowedding.com\/values\/#breadcrumb","itemListElement":[{"@type":"ListItem","position":1,"name":"Accueil","item":"https:\/\/mariapriscowedding.com\/"},{"@type":"ListItem","position":2,"name":"Values"}]},{"@type":"WebSite","@id":"https:\/\/mariapriscowedding.com\/#website","url":"https:\/\/mariapriscowedding.com\/","name":"Maria Prisco","description":"Luxury weddings planner in Italy","publisher":{"@id":"https:\/\/mariapriscowedding.com\/#organization"},"potentialAction":[{"@type":"SearchAction","target":{"@type":"EntryPoint","urlTemplate":"https:\/\/mariapriscowedding.com\/?s={search_term_string}"},"query-input":{"@type":"PropertyValueSpecification","valueRequired":true,"valueName":"search_term_string"}}],"inLanguage":"it-IT"},{"@type":"Organization","@id":"https:\/\/mariapriscowedding.com\/#organization","name":"Maria Prisco","url":"https:\/\/mariapriscowedding.com\/","logo":{"@type":"ImageObject","inLanguage":"it-IT","@id":"https:\/\/mariapriscowedding.com\/#\/schema\/logo\/image\/","url":"https:\/\/mariapriscowedding.com\/wp-content\/uploads\/2024\/02\/maria-prisco-gold-bg-1.jpg","contentUrl":"https:\/\/mariapriscowedding.com\/wp-content\/uploads\/2024\/02\/maria-prisco-gold-bg-1.jpg","width":1920,"height":1080,"caption":"Maria Prisco"},"image":{"@id":"https:\/\/mariapriscowedding.com\/#\/schema\/logo\/image\/"}}]}},"_links":{"self":[{"href":"https:\/\/mariapriscowedding.com\/it\/wp-json\/wp\/v2\/pages\/374","targetHints":{"allow":["GET"]}}],"collection":[{"href":"https:\/\/mariapriscowedding.com\/it\/wp-json\/wp\/v2\/pages"}],"about":[{"href":"https:\/\/mariapriscowedding.com\/it\/wp-json\/wp\/v2\/types\/page"}],"author":[{"embeddable":true,"href":"https:\/\/mariapriscowedding.com\/it\/wp-json\/wp\/v2\/users\/1"}],"replies":[{"embeddable":true,"href":"https:\/\/mariapriscowedding.com\/it\/wp-json\/wp\/v2\/comments?post=374"}],"version-history":[{"count":14,"href":"https:\/\/mariapriscowedding.com\/it\/wp-json\/wp\/v2\/pages\/374\/revisions"}],"predecessor-version":[{"id":765,"href":"https:\/\/mariapriscowedding.com\/it\/wp-json\/wp\/v2\/pages\/374\/revisions\/765"}],"wp:featuredmedia":[{"embeddable":true,"href":"https:\/\/mariapriscowedding.com\/it\/wp-json\/wp\/v2\/media\/661"}],"wp:attachment":[{"href":"https:\/\/mariapriscowedding.com\/it\/wp-json\/wp\/v2\/media?parent=374"}],"curies":[{"name":"wp","href":"https:\/\/api.w.org\/{rel}","templated":true}]}}